{"id":3247,"date":"2022-09-28T16:17:44","date_gmt":"2022-09-28T13:17:44","guid":{"rendered":"https:\/\/www.trigonmekatronik.com\/?page_id=3247"},"modified":"2022-09-29T16:27:26","modified_gmt":"2022-09-29T13:27:26","slug":"santrifuj-sistemleri-dekantor-mekanik-bakim-onarim","status":"publish","type":"page","link":"https:\/\/www.trigonmekatronik.com\/en\/santrifuj-sistemleri-dekantor-mekanik-bakim-onarim\/","title":{"rendered":"Centrifuge Systems Mechanical Maintenance Repair"},"content":{"rendered":"<h2><span style=\"color: #008080;\"><strong>DECANTOR MAINTENANCE<\/strong><\/span><\/h2>\n<p><strong>What is a decanter?<\/strong><\/p>\n<p>Decanter ; It is the name given to the solid-liquid separator used in the separation of liquids where the volumetric ratio of solid particles is 40-50%. It provides this separation process with the drum rotating at high speed and the helix rotating at different speed on the same axis with the drum and the drive group that adjusts the speed difference.<\/p>\n<p>In decanter centrifugal product handling application, decanter maintenance is crucial when it comes to running an efficient, profitable and safe working process. We offer gearbox, balancing services, complete replacement of used equipment, replacement and repair of wear components and much more decanter maintenance services that help extend the life of decanter centrifuges for all makes and models and reduce maintenance costs.<\/p>\n<h4>Decanter Maintenance Services;<\/h4>\n<p><img loading=\"lazy\" decoding=\"async\" class=\"alignleft wp-image-3163 size-medium\" src=\"https:\/\/www.trigonmekatronik.com\/wp-content\/uploads\/2022\/08\/Resim1-1-300x236.png\" alt=\"\" width=\"300\" height=\"236\" srcset=\"https:\/\/www.trigonmekatronik.com\/wp-content\/uploads\/2022\/08\/Resim1-1-300x236.png 300w, https:\/\/www.trigonmekatronik.com\/wp-content\/uploads\/2022\/08\/Resim1-1-15x12.png 15w, https:\/\/www.trigonmekatronik.com\/wp-content\/uploads\/2022\/08\/Resim1-1-238x187.png 238w, https:\/\/www.trigonmekatronik.com\/wp-content\/uploads\/2022\/08\/Resim1-1.png 402w\" sizes=\"(max-width: 300px) 100vw, 300px\" \/><\/p>\n<p style=\"text-align: left;\"><strong><u>Bowl Maintenance<\/u><\/strong><\/p>\n<ul style=\"text-align: left;\">\n<li>Replacement of Bearings and seals<\/li>\n<li>Repair or replacement of worn components<\/li>\n<\/ul>\n<p>&nbsp;<\/p>\n<p>&nbsp;<\/p>\n<p>&nbsp;<\/p>\n<p>&nbsp;<\/p>\n<p><img loading=\"lazy\" decoding=\"async\" class=\"alignright wp-image-3206\" src=\"https:\/\/www.trigonmekatronik.com\/wp-content\/uploads\/2022\/08\/HELEZON2-Kopya-300x267.png\" alt=\"\" width=\"275\" height=\"245\" srcset=\"https:\/\/www.trigonmekatronik.com\/wp-content\/uploads\/2022\/08\/HELEZON2-Kopya-300x267.png 300w, https:\/\/www.trigonmekatronik.com\/wp-content\/uploads\/2022\/08\/HELEZON2-Kopya-768x684.png 768w, https:\/\/www.trigonmekatronik.com\/wp-content\/uploads\/2022\/08\/HELEZON2-Kopya-13x12.png 13w, https:\/\/www.trigonmekatronik.com\/wp-content\/uploads\/2022\/08\/HELEZON2-Kopya-210x187.png 210w, https:\/\/www.trigonmekatronik.com\/wp-content\/uploads\/2022\/08\/HELEZON2-Kopya.png 800w\" sizes=\"(max-width: 275px) 100vw, 275px\" \/><\/p>\n<p style=\"text-align: left;\"><strong><u>Scroll Maintenance<\/u><\/strong><\/p>\n<ul>\n<li style=\"text-align: left;\">Wheel balancing<\/li>\n<li style=\"text-align: left;\">Repair of scroll leaves<\/li>\n<li style=\"text-align: left;\">Wolfram carbide coating of scroll sheets<\/li>\n<li style=\"text-align: left;\">Replacement of feed zone components<\/li>\n<\/ul>\n<p>&nbsp;<\/p>\n<p><strong><u>Gearboxes Maintenance<\/u><\/strong><\/p>\n<ul>\n<li>Inspection and wear analysis<\/li>\n<li>Repair or replacement of worn components.<\/li>\n<li>Replacement of all lubricants and seals<\/li>\n<\/ul>\n<p>&nbsp;<\/p>\n<p>&nbsp;<\/p>\n<p><strong><u>Inspections and Quoting :\u00a0\u00a0<\/u><\/strong><\/p>\n<ul>\n<li style=\"text-align: left;\">With a comprehensive inspection process, the requirements<\/li>\n<\/ul>\n<p>of the equipment are documented with photographs and presented to the<\/p>\n<p style=\"padding-left: 40px;\">customer before implementation<\/p>\n<ul>\n<li>Reports are kept on file, maintain a history of<\/li>\n<\/ul>\n<p>repairs for each piece of equipment<\/p>\n<h2><strong style=\"font-size: 16px;\"><u><img loading=\"lazy\" decoding=\"async\" class=\"alignright size-medium wp-image-3179\" src=\"https:\/\/www.trigonmekatronik.com\/wp-content\/uploads\/2022\/08\/sanziman-2-300x259.png\" alt=\"\" width=\"300\" height=\"259\" srcset=\"https:\/\/www.trigonmekatronik.com\/wp-content\/uploads\/2022\/08\/sanziman-2-300x259.png 300w, https:\/\/www.trigonmekatronik.com\/wp-content\/uploads\/2022\/08\/sanziman-2-768x663.png 768w, https:\/\/www.trigonmekatronik.com\/wp-content\/uploads\/2022\/08\/sanziman-2-14x12.png 14w, https:\/\/www.trigonmekatronik.com\/wp-content\/uploads\/2022\/08\/sanziman-2-217x187.png 217w, https:\/\/www.trigonmekatronik.com\/wp-content\/uploads\/2022\/08\/sanziman-2.png 825w\" sizes=\"(max-width: 300px) 100vw, 300px\" \/><\/u><\/strong><\/h2>\n<p>&nbsp;<\/p>\n<p><strong><u>Service and Conversion<\/u><\/strong><\/p>\n<ul>\n<li>On-site maintenance services<\/li>\n<li>On-site troubleshooting<\/li>\n<li>Customer specific maintenance programs<\/li>\n<\/ul>\n<h2><\/h2>\n<p>&nbsp;<\/p>\n<p>&nbsp;<\/p>\n<h2 style=\"text-align: left;\"><strong>POLYMER UNIT<\/strong><\/h2>\n<p>The Polymer Unit, which occupies an important place in the sludge processing units of waste water treatment plants, is used in the sludge thickening phase. Solid and liquid sludge should be fed with polymer to provide a better dewatering performance.<\/p>\n<p><img loading=\"lazy\" decoding=\"async\" class=\"alignleft wp-image-3215\" src=\"https:\/\/www.trigonmekatronik.com\/wp-content\/uploads\/2022\/08\/POLY-1-1030x773.png\" alt=\"\" width=\"505\" height=\"379\" srcset=\"https:\/\/www.trigonmekatronik.com\/wp-content\/uploads\/2022\/08\/POLY-1-1030x773.png 1030w, https:\/\/www.trigonmekatronik.com\/wp-content\/uploads\/2022\/08\/POLY-1-300x225.png 300w, https:\/\/www.trigonmekatronik.com\/wp-content\/uploads\/2022\/08\/POLY-1-768x576.png 768w, https:\/\/www.trigonmekatronik.com\/wp-content\/uploads\/2022\/08\/POLY-1-1536x1152.png 1536w, https:\/\/www.trigonmekatronik.com\/wp-content\/uploads\/2022\/08\/POLY-1-2048x1536.png 2048w, https:\/\/www.trigonmekatronik.com\/wp-content\/uploads\/2022\/08\/POLY-1-16x12.png 16w, https:\/\/www.trigonmekatronik.com\/wp-content\/uploads\/2022\/08\/POLY-1-249x187.png 249w, https:\/\/www.trigonmekatronik.com\/wp-content\/uploads\/2022\/08\/POLY-1-1170x878.png 1170w\" sizes=\"(max-width: 505px) 100vw, 505px\" \/><\/p>\n<p>&nbsp;<\/p>\n<p>&nbsp;<\/p>\n<p><strong><u>Maintenance Services<\/u><\/strong><\/p>\n<ul>\n<li>Polymer tank maintenance and overhaul<\/li>\n<li>Adapting to the existing program in line with customer demand<\/li>\n<\/ul>\n<p>&nbsp;<\/p>\n<p>&nbsp;<\/p>\n<p>&nbsp;<\/p>\n<p>&nbsp;<\/p>\n<p>&nbsp;<\/p>\n<p>&nbsp;<\/p>\n<p><strong>WASTEWATER TREATMENT EQUIPMENT<\/strong><\/p>\n<ol>\n<li><strong>Sludge Pump<\/strong><\/li>\n<li><strong><u><img loading=\"lazy\" decoding=\"async\" class=\"wp-image-3182 size-medium alignright\" src=\"https:\/\/www.trigonmekatronik.com\/wp-content\/uploads\/2022\/08\/siyirici-4-300x79.png\" alt=\"\" width=\"300\" height=\"79\" srcset=\"https:\/\/www.trigonmekatronik.com\/wp-content\/uploads\/2022\/08\/siyirici-4-300x79.png 300w, https:\/\/www.trigonmekatronik.com\/wp-content\/uploads\/2022\/08\/siyirici-4-18x5.png 18w, https:\/\/www.trigonmekatronik.com\/wp-content\/uploads\/2022\/08\/siyirici-4-280x74.png 280w, https:\/\/www.trigonmekatronik.com\/wp-content\/uploads\/2022\/08\/siyirici-4.png 751w\" sizes=\"(max-width: 300px) 100vw, 300px\" \/><\/u>Polymer Pump<\/strong><\/li>\n<li><strong>Sludge Pool Mixer<\/strong><\/li>\n<li><strong>Scraper<\/strong><\/li>\n<li><strong>Conveyor<\/strong><\/li>\n<\/ol>\n<p>&nbsp;<\/p>\n<p><img loading=\"lazy\" decoding=\"async\" class=\"wp-image-3159 size-medium alignleft\" src=\"https:\/\/www.trigonmekatronik.com\/wp-content\/uploads\/2022\/08\/havuz1-225x300.png\" alt=\"\" width=\"225\" height=\"300\" srcset=\"https:\/\/www.trigonmekatronik.com\/wp-content\/uploads\/2022\/08\/havuz1-225x300.png 225w, https:\/\/www.trigonmekatronik.com\/wp-content\/uploads\/2022\/08\/havuz1-773x1030.png 773w, https:\/\/www.trigonmekatronik.com\/wp-content\/uploads\/2022\/08\/havuz1-768x1024.png 768w, https:\/\/www.trigonmekatronik.com\/wp-content\/uploads\/2022\/08\/havuz1-1152x1536.png 1152w, https:\/\/www.trigonmekatronik.com\/wp-content\/uploads\/2022\/08\/havuz1-9x12.png 9w, https:\/\/www.trigonmekatronik.com\/wp-content\/uploads\/2022\/08\/havuz1-140x187.png 140w, https:\/\/www.trigonmekatronik.com\/wp-content\/uploads\/2022\/08\/havuz1-1170x1560.png 1170w, https:\/\/www.trigonmekatronik.com\/wp-content\/uploads\/2022\/08\/havuz1.png 1200w\" sizes=\"(max-width: 225px) 100vw, 225px\" \/><\/p>\n<p>&nbsp;<\/p>\n<p>&nbsp;<\/p>\n<h2><\/h2>\n<h2><\/h2>\n<h2><\/h2>\n<h2><\/h2>\n<h2><\/h2>\n<p>&nbsp;<\/p>\n<p>&nbsp;<\/p>\n<p>&nbsp;<\/p>\n<p>&nbsp;<\/p>\n<p>&nbsp;<\/p>\n<p>&nbsp;<\/p>\n<h2 style=\"text-align: left;\"><span style=\"color: #008080;\"><strong>SEPERATOR MAINTENANCE<\/strong><\/span><\/h2>\n<p>There are various ways of separating liquid phases and solids from liquids. The two most common technologies are centrifugal separation and filtration. Decanters and disc stack separators are centrifugal separators. In many processes, both decanters, disc stack separators and filters are used at different stages of the process to achieve the required separation result.<\/p>\n<p>A planned maintenance program can keep your equipment running efficiently and effectively, increasing your uptime and machining quality while reducing future repair costs and downtime. We offer services that help extend the life of separator centrifuges for all brands and models, reduce maintenance costs, replace wear components, repair and much more.<\/p>\n<p><strong><u>Maintenance Services<\/u><\/strong><\/p>\n<ul>\n<li>Bowl disassembly and inspection of centripetal pumps and disk stack<\/li>\n<li>\u00a0Cleaning the discs<\/li>\n<li>Repair or replacement of worn components<\/li>\n<\/ul>\n<p><strong><u>Service and Conversion<\/u><\/strong><\/p>\n<ul>\n<li>On-site maintenance services<\/li>\n<li>On-site troubleshooting<\/li>\n<li>Customer specific maintenance programs<\/li>\n<\/ul>\n<p><strong><u>Inspections and Quoting :<\/u><\/strong><\/p>\n<ul>\n<li>With a comprehensive inspection process, the requirements<\/li>\n<\/ul>\n<p>of the equipment are documented with photographs and presented to the<\/p>\n<p>customer before implementation<\/p>\n<ul>\n<li>Reports are kept on file, maintain a history of<\/li>\n<\/ul>\n<p>repairs for each piece of equipment<\/p>","protected":false},"excerpt":{"rendered":"<p>DEKANT\u00d6R BAKIM Dekant\u00f6r Nedir ? Dekant\u00f6r ; kat\u0131 par\u00e7ac\u0131klar\u0131n hacimsel oran\u0131n\u0131n %40-50 oldu\u011fu s\u0131v\u0131lar\u0131n ayr\u0131\u015ft\u0131r\u0131lmas\u0131nda kullan\u0131lan kat\u0131-s\u0131v\u0131 ayr\u0131\u015ft\u0131r\u0131c\u0131ya verilen isimdir. Bu ayr\u0131\u015ft\u0131rma i\u015flemini y\u00fcksek h\u0131zda d\u00f6nen tambur ve tamburla ayn\u0131 eksende farkl\u0131 h\u0131zda d\u00f6nen helezon ile h\u0131z fark\u0131n\u0131 ayarlayan tahrik grubu ile sa\u011flar. Dekant\u00f6r santrif\u00fcj \u00fcr\u00fcn i\u015fleme uygulamas\u0131nda, verimli, karl\u0131 ve g\u00fcvenli bir \u00e7al\u0131\u015fma s\u00fcreci<\/p>","protected":false},"author":2,"featured_media":0,"parent":0,"menu_order":0,"comment_status":"closed","ping_status":"closed","template":"","meta":{"footnotes":""},"_links":{"self":[{"href":"https:\/\/www.trigonmekatronik.com\/en\/wp-json\/wp\/v2\/pages\/3247"}],"collection":[{"href":"https:\/\/www.trigonmekatronik.com\/en\/wp-json\/wp\/v2\/pages"}],"about":[{"href":"https:\/\/www.trigonmekatronik.com\/en\/wp-json\/wp\/v2\/types\/page"}],"author":[{"embeddable":true,"href":"https:\/\/www.trigonmekatronik.com\/en\/wp-json\/wp\/v2\/users\/2"}],"replies":[{"embeddable":true,"href":"https:\/\/www.trigonmekatronik.com\/en\/wp-json\/wp\/v2\/comments?post=3247"}],"version-history":[{"count":9,"href":"https:\/\/www.trigonmekatronik.com\/en\/wp-json\/wp\/v2\/pages\/3247\/revisions"}],"predecessor-version":[{"id":3266,"href":"https:\/\/www.trigonmekatronik.com\/en\/wp-json\/wp\/v2\/pages\/3247\/revisions\/3266"}],"wp:attachment":[{"href":"https:\/\/www.trigonmekatronik.com\/en\/wp-json\/wp\/v2\/media?parent=3247"}],"curies":[{"name":"wp","href":"https:\/\/api.w.org\/{rel}","templated":true}]}}