{"id":1957,"date":"2019-07-26T00:08:18","date_gmt":"2019-07-25T21:08:18","guid":{"rendered":"https:\/\/www.trigonmekatronik.com\/?page_id=1957"},"modified":"2021-09-09T15:56:53","modified_gmt":"2021-09-09T12:56:53","slug":"hakkimizda","status":"publish","type":"page","link":"https:\/\/www.trigonmekatronik.com\/en\/hakkimizda\/","title":{"rendered":"About"},"content":{"rendered":"<p>Her ge\u00e7en g\u00fcn kendini geli\u015ftiren ve de\u011fi\u015fen trendleri yak\u0131ndan takip eden\u00a0<strong>Gen Mekanik<\/strong>, y\u0131llar\u0131n vermi\u015f oldu\u011fu deneyimi ve bu deneyimin verdi\u011fi \u00fcretim tecr\u00fcbesini Projelendirme,Yang\u0131n Tesisat\u0131, Is\u0131tma Tesisat\u0131, Do\u011falgaz Tesisat\u0131, End\u00fcstriyel Tesisat vb.. faliyetlerimizi m\u00fc\u015fterilerimizin be\u011fenisine sunmaktad\u0131r. Hem kullan\u0131\u015fl\u0131, hem ekonomik hem de kendi imalat\u0131m\u0131z olan faliyetler konusunda uzman ekibimizle yap\u0131lan faliyetlerin kalitelerini tek tek inceleyip siz de\u011ferli m\u00fc\u015fterilerimize sunmaktay\u0131z. Garanti kapsam a\u011f\u0131m\u0131zda bulunan faliyetlerimiz ar\u0131zalar\u0131 s\u00f6z konusu oldu\u011funda m\u00fc\u015fteri ma\u011fduriyetini gidermek ama\u00e7l\u0131 ekibimizin ilgisi yak\u0131ndan takip etme olana\u011f\u0131na eri\u015febileceksiniz.<\/p>\n<h3>M\u0130SYONUMUZ<\/h3>\n<p>G\u00fcvenilir ve d\u00fcr\u00fcst \u00e7al\u0131\u015fma ilkeleriyle sekt\u00f6r\u00fcnde aran\u0131lan isimlerden biri olarak nesiller boyu insanl\u0131\u011fa hizmet verecek yap\u0131lar \u00fcretme bilinci i\u00e7inde, yapt\u0131\u011f\u0131 t\u00fcm projeleri kaliteli, sorunsuz ve zaman\u0131nda yerine getirerek, en m\u00fckemmel sonuca ula\u015ft\u0131rmak.<br \/>\nT\u00fcm kamu ve \u00f6zel kurumlar\u0131n isteklerini kendi hedefimiz olarak benimseyerek en ince ayr\u0131nt\u0131lar\u0131na kadar daima en kusursuzu in\u015fa etmek i\u00e7in \u00e7al\u0131\u015fmak.<br \/>\nDan\u0131\u015fmanl\u0131k, problem tespiti ve \u00e7\u00f6z\u00fcm\u00fc, projelendirme ve uygulama alanlar\u0131nda kendi uzman kadrosu ile d\u00fcnya standartlar\u0131nda hizmet vermek.<br \/>\nSekt\u00f6rle ilgili teknik ve idari \u015fartnameleri, uygun hizmet verebilmek amac\u0131yla g\u00fcncel olarak takip etmekte ve \u00fcstlendi\u011fi i\u015fleri nesilden nesile aktar\u0131lan kal\u0131c\u0131 bir eser olarak teslim etmek.<br \/>\nBir projenin ba\u015far\u0131s\u0131ndaki en vazge\u00e7ilmez unsurun insan fakt\u00f6r\u00fc oldu\u011funun bilinciyle, tecr\u00fcbelerini i\u015fe adam\u0131\u015f personelinin ya\u015fam kalitesine de\u011fer katmay\u0131 ilke edinerek in\u015faat d\u00fcnyas\u0131ndaki her t\u00fcrl\u00fc teknolojik geli\u015fme ve yenili\u011fi \u00fcretiminin t\u00fcm alanlar\u0131na yans\u0131tarak do\u011faya zarar vermeden \u015fekillendirip, insanl\u0131\u011f\u0131n hizmetine en verimli ve temiz \u015fekilde sunmak.<br \/>\n\u0130zlenilen y\u00f6ntemler ve ger\u00e7ekle\u015ftirilen projeler, yaln\u0131zca kamu ve \u00f6zel kurumlar taraf\u0131ndan takdir edilmekle yetinilmeyip, alm\u0131\u015f oldu\u011fu hizmet kalite belgelerine uygun sistematik \u00e7\u00f6z\u00fcmlerle T\u00fcrkiye\u2019nin yan\u0131 s\u0131ra uluslararas\u0131 platformda da yer almak.<\/p>\n<h3>V\u0130ZYONUMUZ<\/h3>\n<p>Ekonomik ve sorunsuz hizmet sunmak<br \/>\nKurumsal m\u00fckemmelli\u011fin \u00f6n ko\u015fulu olan ekip m\u00fckemmelli\u011fi ile birlikte in\u015faat konusunda T\u00fcrkiye\u2019de verdi\u011fimiz hizmetlerin geli\u015fimini ve s\u00fcreklili\u011fini sa\u011flamak.<br \/>\nKamu kurumlar\u0131 ile \u00f6zel sekt\u00f6r hizmet alanlar\u0131nda k\u00fcresel \u015firket olarak yetenek ve bilgilerimiz sunmak.<\/p>","protected":false},"excerpt":{"rendered":"<p>Her ge\u00e7en g\u00fcn kendini geli\u015ftiren ve de\u011fi\u015fen trendleri yak\u0131ndan takip eden\u00a0Gen Mekanik, y\u0131llar\u0131n vermi\u015f oldu\u011fu deneyimi ve bu deneyimin verdi\u011fi \u00fcretim tecr\u00fcbesini Projelendirme,Yang\u0131n Tesisat\u0131, Is\u0131tma Tesisat\u0131, Do\u011falgaz Tesisat\u0131, End\u00fcstriyel Tesisat vb.. faliyetlerimizi m\u00fc\u015fterilerimizin be\u011fenisine sunmaktad\u0131r. Hem kullan\u0131\u015fl\u0131, hem ekonomik hem de kendi imalat\u0131m\u0131z olan faliyetler konusunda uzman ekibimizle yap\u0131lan faliyetlerin kalitelerini tek tek inceleyip siz<\/p>","protected":false},"author":1,"featured_media":0,"parent":0,"menu_order":0,"comment_status":"closed","ping_status":"closed","template":"","meta":{"footnotes":""},"_links":{"self":[{"href":"https:\/\/www.trigonmekatronik.com\/en\/wp-json\/wp\/v2\/pages\/1957"}],"collection":[{"href":"https:\/\/www.trigonmekatronik.com\/en\/wp-json\/wp\/v2\/pages"}],"about":[{"href":"https:\/\/www.trigonmekatronik.com\/en\/wp-json\/wp\/v2\/types\/page"}],"author":[{"embeddable":true,"href":"https:\/\/www.trigonmekatronik.com\/en\/wp-json\/wp\/v2\/users\/1"}],"replies":[{"embeddable":true,"href":"https:\/\/www.trigonmekatronik.com\/en\/wp-json\/wp\/v2\/comments?post=1957"}],"version-history":[{"count":5,"href":"https:\/\/www.trigonmekatronik.com\/en\/wp-json\/wp\/v2\/pages\/1957\/revisions"}],"predecessor-version":[{"id":3118,"href":"https:\/\/www.trigonmekatronik.com\/en\/wp-json\/wp\/v2\/pages\/1957\/revisions\/3118"}],"wp:attachment":[{"href":"https:\/\/www.trigonmekatronik.com\/en\/wp-json\/wp\/v2\/media?parent=1957"}],"curies":[{"name":"wp","href":"https:\/\/api.w.org\/{rel}","templated":true}]}}